{"id":2385,"date":"2020-04-26T19:12:46","date_gmt":"2020-04-26T19:12:46","guid":{"rendered":"https:\/\/live-puerto-rico.clorox.com\/?post_type=product&#038;p=2385"},"modified":"2025-02-28T01:35:19","modified_gmt":"2025-02-28T01:35:19","slug":"clorox-removedor-de-orina","status":"publish","type":"product","link":"https:\/\/puerto-rico.clorox.com\/es\/productos\/clorox-removedor-de-orina\/","title":{"rendered":"Clorox\u00ae Removedor de Orina"},"content":{"rendered":"<p>Elimina manchas y olores desagradables, dentro y fuera de tu casa. <\/p>\r\n\r\n<p>\r\n  <ul>\r\n    <li>Para manchas y olores<\/li>  \r\n    <li>Funciona en superficies duras y blandas<\/li> \r\n    <li>\u00dasalo en ba\u00f1os, azulejos, alfombras, para manchas de mascotas y m\u00e1s<\/li>  \r\n    <li>F\u00f3rmula libre de blanqueador y seguro para el uso en \u00e1reas de mascotas.<\/li> \r\n  <\/ul>\r\n<\/p>\r\n\r\n<span>Disponible En:\r\n<ul>\r\n<li>32 fl. oz.<\/li>\r\n<\/ul>\r\n<\/span>","protected":false},"featured_media":2188,"template":"","product_category":[15,70,20,21],"class_list":["post-2385","product","type-product","status-publish","has-post-thumbnail","hentry","product_category-bano","product_category-desodorizar","product_category-rociadores","product_category-sin-blanqueador"],"acf":[],"_links":{"self":[{"href":"https:\/\/puerto-rico.clorox.com\/es\/wp-json\/wp\/v2\/product\/2385","targetHints":{"allow":["GET"]}}],"collection":[{"href":"https:\/\/puerto-rico.clorox.com\/es\/wp-json\/wp\/v2\/product"}],"about":[{"href":"https:\/\/puerto-rico.clorox.com\/es\/wp-json\/wp\/v2\/types\/product"}],"version-history":[{"count":1,"href":"https:\/\/puerto-rico.clorox.com\/es\/wp-json\/wp\/v2\/product\/2385\/revisions"}],"predecessor-version":[{"id":2540,"href":"https:\/\/puerto-rico.clorox.com\/es\/wp-json\/wp\/v2\/product\/2385\/revisions\/2540"}],"wp:featuredmedia":[{"embeddable":true,"href":"https:\/\/puerto-rico.clorox.com\/es\/wp-json\/wp\/v2\/media\/2188"}],"wp:attachment":[{"href":"https:\/\/puerto-rico.clorox.com\/es\/wp-json\/wp\/v2\/media?parent=2385"}],"wp:term":[{"taxonomy":"product_category","embeddable":true,"href":"https:\/\/puerto-rico.clorox.com\/es\/wp-json\/wp\/v2\/product_category?post=2385"}],"curies":[{"name":"wp","href":"https:\/\/api.w.org\/{rel}","templated":true}]}}