{"id":2384,"date":"2020-04-25T23:48:29","date_gmt":"2020-04-25T23:48:29","guid":{"rendered":"https:\/\/live-puerto-rico.clorox.com\/?post_type=product&#038;p=2384"},"modified":"2021-05-28T04:51:46","modified_gmt":"2021-05-28T04:51:46","slug":"clorox-spray-desinfectante-para-el-bano-sin-blanqueador","status":"publish","type":"product","link":"https:\/\/puerto-rico.clorox.com\/es\/productos\/clorox-spray-desinfectante-para-el-bano-sin-blanqueador\/","title":{"rendered":"Clorox\u00ae Spray Desinfectante para el Ba\u00f1o sin Blanqueador"},"content":{"rendered":"<p>Limpia y desinfecta f\u00e1cilmente las superficies del ba\u00f1o.<\/p>\r\n\r\n<p>\r\n  <ul>\r\n    <li>Elimina el 99,9% de g\u00e9rmenes<sup>\u2020<\/sup><\/li>  \r\n    <li>Limpia restos de jab\u00f3n y marcas de agua<\/li> \r\n    <li>Apto para multiples superficies del ba\u00f1o<\/li> \r\n    <li>Sin blanqueador<\/li> \r\n  <\/ul>\r\n<\/p>\r\n\r\n<span>Disponible En:\r\n<ul>\r\n<li>30 fl. oz.<\/li>\r\n<\/ul>\r\n<\/span>\r\n<p>&nbsp;<\/p>\r\n<p><small>* SARS-CoV-2, virus causante de COVID-19, utilizado bajo instrucciones de etiqueta<br \/>\r\n<sup>\u2020<\/sup> <em>Salmonella enterica, Staphylococcus aureus, Rhinovirus type 37, Influenza A virus<\/em><\/small><\/p>\r\n","protected":false},"featured_media":2226,"template":"","product_category":[15,51,18,20,21],"class_list":["post-2384","product","type-product","status-publish","has-post-thumbnail","hentry","product_category-bano","product_category-kills-covid","product_category-limpieza-y-desinfeccion","product_category-rociadores","product_category-sin-blanqueador"],"acf":[],"_links":{"self":[{"href":"https:\/\/puerto-rico.clorox.com\/es\/wp-json\/wp\/v2\/product\/2384","targetHints":{"allow":["GET"]}}],"collection":[{"href":"https:\/\/puerto-rico.clorox.com\/es\/wp-json\/wp\/v2\/product"}],"about":[{"href":"https:\/\/puerto-rico.clorox.com\/es\/wp-json\/wp\/v2\/types\/product"}],"version-history":[{"count":1,"href":"https:\/\/puerto-rico.clorox.com\/es\/wp-json\/wp\/v2\/product\/2384\/revisions"}],"predecessor-version":[{"id":2541,"href":"https:\/\/puerto-rico.clorox.com\/es\/wp-json\/wp\/v2\/product\/2384\/revisions\/2541"}],"wp:featuredmedia":[{"embeddable":true,"href":"https:\/\/puerto-rico.clorox.com\/es\/wp-json\/wp\/v2\/media\/2226"}],"wp:attachment":[{"href":"https:\/\/puerto-rico.clorox.com\/es\/wp-json\/wp\/v2\/media?parent=2384"}],"wp:term":[{"taxonomy":"product_category","embeddable":true,"href":"https:\/\/puerto-rico.clorox.com\/es\/wp-json\/wp\/v2\/product_category?post=2384"}],"curies":[{"name":"wp","href":"https:\/\/api.w.org\/{rel}","templated":true}]}}