{"id":2116,"date":"2019-05-25T22:52:45","date_gmt":"2019-05-25T22:52:45","guid":{"rendered":"https:\/\/live-puerto-rico.clorox.com\/productos\/clorox-ropa-quitamanchas-colores-vivos\/"},"modified":"2025-02-28T01:24:56","modified_gmt":"2025-02-28T01:24:56","slug":"clorox-ropa-quitamanchas-colores-vivos","status":"publish","type":"product","link":"https:\/\/puerto-rico.clorox.com\/es\/productos\/clorox-ropa-quitamanchas-colores-vivos\/","title":{"rendered":"Clorox\u00ae Ropa 4en1 Colores liquido"},"content":{"rendered":"<p>\nDisfruta tu ropa por m\u00e1s tiempo<br>\nSin cloro<\/p>\n\n<p>\n  <ul>\n    <li>4 en 1<\/li>\n    <li>Elimina manchas dif\u00edciles<sup>+<\/sup><\/li>  \n    <li>Elimina malos olores<sup>#<\/sup><\/li>\n    <li>Mantiene los colores vivos<sup>^<\/sup><\/li>  \n    <li>Seguro para ropa de color<sup>*<\/sup><\/li>\n\n  <\/ul>\n<\/p>\n\n<span>Disponible En:\n<ul>\n<li>470 cc<\/li>\n<li>960 g<\/li>\n<li>1.800 g<\/li>\n<li>3.800 g<\/li>\n<\/ul>\n<\/span>\n\n<p><small>\n*Seg\u00fan instrucci\u00f3n de uso en lavadora, vs. detergente solo.<br>\n+Utilizado en uso directo sobre manchas frescas.<br>\n#Tales como olor a transpiraci\u00f3n y comida (cebolla) en telas de algod\u00f3n y poli\u00e9ster, siguiendo las instrucciones de uso de remojo.<br>\n^Por contener abrillantador \u00f3ptico, per\u00f3xido de hidr\u00f3geno y tensioactivos.<br>\n**Siguiendo las instrucciones y cuidados de uso.\n<\/small><\/p>","protected":false},"featured_media":2987,"template":"","product_category":[37,36,32,34,21,61,33],"class_list":["post-2116","product","type-product","status-publish","has-post-thumbnail","hentry","product_category-bebe","product_category-liquidos","product_category-quitamanchas","product_category-ropa","product_category-sin-blanqueador","product_category-suavidad-de-algodon","product_category-telas"],"acf":[],"_links":{"self":[{"href":"https:\/\/puerto-rico.clorox.com\/es\/wp-json\/wp\/v2\/product\/2116","targetHints":{"allow":["GET"]}}],"collection":[{"href":"https:\/\/puerto-rico.clorox.com\/es\/wp-json\/wp\/v2\/product"}],"about":[{"href":"https:\/\/puerto-rico.clorox.com\/es\/wp-json\/wp\/v2\/types\/product"}],"version-history":[{"count":5,"href":"https:\/\/puerto-rico.clorox.com\/es\/wp-json\/wp\/v2\/product\/2116\/revisions"}],"predecessor-version":[{"id":3012,"href":"https:\/\/puerto-rico.clorox.com\/es\/wp-json\/wp\/v2\/product\/2116\/revisions\/3012"}],"wp:featuredmedia":[{"embeddable":true,"href":"https:\/\/puerto-rico.clorox.com\/es\/wp-json\/wp\/v2\/media\/2987"}],"wp:attachment":[{"href":"https:\/\/puerto-rico.clorox.com\/es\/wp-json\/wp\/v2\/media?parent=2116"}],"wp:term":[{"taxonomy":"product_category","embeddable":true,"href":"https:\/\/puerto-rico.clorox.com\/es\/wp-json\/wp\/v2\/product_category?post=2116"}],"curies":[{"name":"wp","href":"https:\/\/api.w.org\/{rel}","templated":true}]}}