{"id":2102,"date":"2019-05-26T21:36:08","date_gmt":"2019-05-26T21:36:08","guid":{"rendered":"https:\/\/live-puerto-rico.clorox.com\/productos\/clorox-bano\/"},"modified":"2025-02-28T01:21:28","modified_gmt":"2025-02-28T01:21:28","slug":"clorox-cloro-en-espuma-para-el-bano","status":"publish","type":"product","link":"https:\/\/puerto-rico.clorox.com\/es\/productos\/clorox-cloro-en-espuma-para-el-bano\/","title":{"rendered":"Clorox\u00ae Blanqueador en espuma para el Ba\u00f1o"},"content":{"rendered":"<p>El limpiador desinfectante en espuma para el ba\u00f1o Clorox\u00ae Disinfecting Bleach Foamer, mantiene el esfuerzo f\u00edsico al m\u00ednimo, ya que proporciona un alto poder de limpieza y desinfecci\u00f3n.<\/p>\r\n\r\n<p>\r\n  <ul>\r\n    <li>Elimina el 99.9% de g\u00e9rmenes de superficies duras no porosas*<\/li>  \r\n    <li>Acci\u00f3n poderosa en espuma<\/li> \r\n  <\/ul>\r\n<\/p>\r\n\r\n<span>Disponible En:\r\n<ul>\r\n<li>30 fl. oz.<\/li>\r\n<\/ul>\r\n<\/span>\r\n\r\n<p><small>* <em>Salmonella enterica, Staphylococcus aureus, Streptococcus pyogenes, Influenza A virus, Aspergillus niger, Trichophyton mentagrophytes<\/em><\/small><\/p>\r\n","protected":false},"featured_media":2204,"template":"","product_category":[15,17,18,73,20],"class_list":["post-2102","product","type-product","status-publish","has-post-thumbnail","hentry","product_category-bano","product_category-blanqueador","product_category-limpieza-y-desinfeccion","product_category-ocean-mist","product_category-rociadores"],"acf":[],"_links":{"self":[{"href":"https:\/\/puerto-rico.clorox.com\/es\/wp-json\/wp\/v2\/product\/2102","targetHints":{"allow":["GET"]}}],"collection":[{"href":"https:\/\/puerto-rico.clorox.com\/es\/wp-json\/wp\/v2\/product"}],"about":[{"href":"https:\/\/puerto-rico.clorox.com\/es\/wp-json\/wp\/v2\/types\/product"}],"version-history":[{"count":1,"href":"https:\/\/puerto-rico.clorox.com\/es\/wp-json\/wp\/v2\/product\/2102\/revisions"}],"predecessor-version":[{"id":2555,"href":"https:\/\/puerto-rico.clorox.com\/es\/wp-json\/wp\/v2\/product\/2102\/revisions\/2555"}],"wp:featuredmedia":[{"embeddable":true,"href":"https:\/\/puerto-rico.clorox.com\/es\/wp-json\/wp\/v2\/media\/2204"}],"wp:attachment":[{"href":"https:\/\/puerto-rico.clorox.com\/es\/wp-json\/wp\/v2\/media?parent=2102"}],"wp:term":[{"taxonomy":"product_category","embeddable":true,"href":"https:\/\/puerto-rico.clorox.com\/es\/wp-json\/wp\/v2\/product_category?post=2102"}],"curies":[{"name":"wp","href":"https:\/\/api.w.org\/{rel}","templated":true}]}}