{"id":6,"date":"2018-04-02T11:19:55","date_gmt":"2018-04-02T11:19:55","guid":{"rendered":"https:\/\/live-puerto-rico.clorox.com\/our-purpose\/"},"modified":"2025-02-27T21:09:29","modified_gmt":"2025-02-27T21:09:29","slug":"nuestro-proposito","status":"publish","type":"page","link":"https:\/\/puerto-rico.clorox.com\/es\/nuestro-proposito\/","title":{"rendered":"Nuestro Prop\u00f3sito"},"content":{"rendered":"\n<div id=\"hp-hero-block_5efd1cc2d3c02\" class=\"landing-hero\">\n    <div class=\"hero__main\">\n\n        <div class=\"hero__txt\">\n            <h1 class=\"hero__header\">Clorox cree que<br>la limpieza<br>importa<\/h1>\n                    <\/div>\n\n        <img decoding=\"async\" class=\"hero__image mobile-only\" src=\"https:\/\/puerto-rico.clorox.com\/wp-content\/uploads\/sites\/16\/2020\/07\/Our-purpose.jpg\" alt=\"\"\/>\n        <img decoding=\"async\" class=\"hero__image desktop-only\" src=\"https:\/\/puerto-rico.clorox.com\/wp-content\/uploads\/sites\/16\/2020\/07\/Our-purpose.jpg\" alt=\"\"\/>\n\n    <\/div>\n    <div class=\"hero__secondary\" >\n                <div><\/div>\n    <\/div>\n<\/div>\n\n\n<div class=\"cleanmatters-whatcomesnext\">\nYa sea un espacio limpio para trabajar, una mesa libre de g\u00e9rmenes para alimentar a tu familia, s\u00e1banas frescas para dormir o agua pura para beber&#8230;<br><br>\nLa limpieza crea un ambiente donde podemos ser versiones m\u00e1s saludables y vibrantes de nosotros mismos.<br><br>\n<p><font size=\"5\"><strong>La limpieza es solo el comienzo.\n<span>Lo que sigue no tiene limites.<\/span><\/strong><\/font>\n<\/p><p><\/p>\n<\/div>\n\n\n\n<div\n    id=\"campaign-module-block_5cfebced3d929\"\n    class=\"block--campaign-module\"\n        style=\"background-image:url(\/wp-content\/themes\/electro\/img\/homepage\/panel-why-clean-matters-bg.jpg);\"\n    >\n\n    <h2 class=\"module__title\"><span>La limpieza importa<\/span><br \/>Espacios m\u00e1s limpios<br \/>hacen que tu hogar<br \/>sea m\u00e1s feliz<\/h2>            <a href=\"\/es\/nuestro-proposito\/clean-facts\/\" class=\"module__cta blue-button button__solid-white\">\n        APRENDE C\u00d3MO LA LIMPIEZA TRANSFORMA VIDAS    <\/a>\n        <span class=\"consent-message hidden\">\n        Please view\n        <button id=\"ot-sdk-btn\" class=\"ot-sdk-show-settings\">\n            <span class=\"\">Cookie Settings<\/span>\n        <\/button>\n        to load video.\n    <\/span>\n<\/div>\n\n","protected":false},"excerpt":{"rendered":"Ya sea un espacio limpio para trabajar, una mesa libre de g\u00e9rmenes para alimentar a tu familia, s\u00e1banas frescas para dormir o agua pura para beber&#8230; La limpieza crea un ambiente donde podemos ser versiones m\u00e1s saludables y vibrantes de nosotros mismos. La limpieza es solo el comienzo. Lo que sigue no tiene limites.","protected":false},"author":9,"featured_media":0,"parent":0,"menu_order":0,"comment_status":"closed","ping_status":"closed","template":"","meta":{"_acf_changed":false,"footnotes":""},"class_list":["post-6","page","type-page","status-publish","hentry"],"acf":[],"_links":{"self":[{"href":"https:\/\/puerto-rico.clorox.com\/es\/wp-json\/wp\/v2\/pages\/6","targetHints":{"allow":["GET"]}}],"collection":[{"href":"https:\/\/puerto-rico.clorox.com\/es\/wp-json\/wp\/v2\/pages"}],"about":[{"href":"https:\/\/puerto-rico.clorox.com\/es\/wp-json\/wp\/v2\/types\/page"}],"author":[{"embeddable":true,"href":"https:\/\/puerto-rico.clorox.com\/es\/wp-json\/wp\/v2\/users\/9"}],"replies":[{"embeddable":true,"href":"https:\/\/puerto-rico.clorox.com\/es\/wp-json\/wp\/v2\/comments?post=6"}],"version-history":[{"count":1,"href":"https:\/\/puerto-rico.clorox.com\/es\/wp-json\/wp\/v2\/pages\/6\/revisions"}],"predecessor-version":[{"id":3021,"href":"https:\/\/puerto-rico.clorox.com\/es\/wp-json\/wp\/v2\/pages\/6\/revisions\/3021"}],"wp:attachment":[{"href":"https:\/\/puerto-rico.clorox.com\/es\/wp-json\/wp\/v2\/media?parent=6"}],"curies":[{"name":"wp","href":"https:\/\/api.w.org\/{rel}","templated":true}]}}